{"id":1963,"date":"2018-08-28T12:07:47","date_gmt":"2018-08-28T16:07:47","guid":{"rendered":"https:\/\/stickymedia.ca\/equipement-et-formation\/"},"modified":"2019-01-07T14:33:23","modified_gmt":"2019-01-07T19:33:23","slug":"equipement-environnement","status":"publish","type":"page","link":"https:\/\/stickymedia.ca\/fr\/equipement-environnement\/","title":{"rendered":"\u00c9quipement et environnement"},"content":{"rendered":"<p>[vc_row css=&#8221;.vc_custom_1486039795308{margin-bottom: 34px !important;}&#8221;][vc_column][vc_column_text css=&#8221;.vc_custom_1545363763362{margin-bottom: 20px !important;}&#8221;]<span class=\"tlid-translation translation\"><span class=\"\" title=\"\">Nous sommes fiers d&#8217;\u00eatre une entreprise d&#8217;impression neutre en carbone et innovante du point de vue de l&#8217;environnement.<\/span> <span class=\"\" title=\"\">Notre passion est de faire du vert la plus belle couleur du monde.<\/span> En p<span class=\"\" title=\"\">lus de recycler, l\u2019innovation provient de la passion et de nos pratiques au jour le jour.<\/span><\/span><\/p>\n<p><span title=\"\">Notre passion pour l&#8217;impression \u00e9cologique a d\u00e9but\u00e9 en 2008, nous avons contact\u00e9 nos fournisseurs et nos partenaires et lanc\u00e9 des programmes de recyclage des papiers, du bois, des plastiques, des m\u00e9taux et des produits chimiques.<\/span> <span title=\"\">Nous sommes sur la bonne voie pour atteindre le z\u00e9ro d\u00e9chet, nous recyclons litt\u00e9ralement tout, du compost organique au plastique, au papier, au m\u00e9tal, au bois;<\/span> <span title=\"\">y compris les encres non utilis\u00e9es, qui sont converties en encre de journal noire.<\/span>[\/vc_column_text][\/vc_column][\/vc_row][vc_row css=&#8221;.vc_custom_1486037845810{margin-bottom: 40px !important;}&#8221;][vc_column][vc_raw_html]JTNDaWZyYW1lJTIwd2lkdGglM0QlMjIxMDAlMjUlMjIlMjBoZWlnaHQlM0QlMjI2MjQlMjIlMjBzcmMlM0QlMjJodHRwcyUzQSUyRiUyRnd3dy55b3V0dWJlLmNvbSUyRmVtYmVkJTJGdkxFY0M1THJycjglM0ZyZWwlM0QwJTIyJTIwZnJhbWVib3JkZXIlM0QlMjIwJTIyJTIwYWxsb3clM0QlMjJhY2NlbGVyb21ldGVyJTNCJTIwYXV0b3BsYXklM0IlMjBlbmNyeXB0ZWQtbWVkaWElM0IlMjBneXJvc2NvcGUlM0IlMjBwaWN0dXJlLWluLXBpY3R1cmUlMjIlMjBhbGxvd2Z1bGxzY3JlZW4lM0UlM0MlMkZpZnJhbWUlM0U=[\/vc_raw_html][vc_column_text]Notre \u00e9quipement est en constante am\u00e9lioration, nous sommes au courant des nouveaux produits au moment de leur mise sur le march\u00e9 et sommes souvent les premiers \u00e0 les utiliser. Nos techniciens sont continuellement form\u00e9s aux techniques et mat\u00e9riaux les plus r\u00e9cents. Il en r\u00e9sulte un produit sup\u00e9rieur pour le client et un impact moindre sur notre plan\u00e8te.[\/vc_column_text]\n\t\t\t<!-- START tech REVOLUTION SLIDER 6.7.37 --><p class=\"rs-p-wp-fix\"><\/p>\n\t\t\t<rs-module-wrap id=\"rev_slider_16_1_wrapper\" data-source=\"gallery\" style=\"visibility:hidden;background:transparent;padding:0;margin:0px auto;margin-top:0;margin-bottom:0;\">\n\t\t\t\t<rs-module id=\"rev_slider_16_1\" style=\"\" data-version=\"6.7.37\">\n\t\t\t\t\t<rs-slides style=\"overflow: hidden; position: absolute;\">\n\t\t\t\t\t\t<rs-slide style=\"position: absolute;\" data-key=\"rs-143\" data-title=\"Slide\" data-thumb=\"\/\/stickymedia.ca\/wp-content\/uploads\/2018\/12\/Stickymedia3-100x50.jpg\" data-anim=\"ms:800;\" data-in=\"o:0;\" data-out=\"a:false;\" data-d3=\"f:cube;z:400;su:true;\">\n\t\t\t\t\t\t\t<img decoding=\"async\" src=\"\/\/stickymedia.ca\/wp-content\/plugins\/revslider\/sr6\/assets\/assets\/dummy.png\" alt=\"\" title=\"\u00c9quipement et environnement\" class=\"rev-slidebg tp-rs-img rs-lazyload\" data-lazyload=\"\/\/stickymedia.ca\/wp-content\/uploads\/2018\/12\/Stickymedia3.jpg\" data-parallax=\"off\" data-no-retina>\n<!---->\t\t\t\t\t<\/rs-slide>\n\t\t\t\t\t\t<rs-slide style=\"position: absolute;\" data-key=\"rs-144\" data-title=\"Slide\" data-thumb=\"\/\/stickymedia.ca\/wp-content\/uploads\/2018\/12\/Stickymedia2-100x50.jpg\" data-anim=\"adpr:false;\">\n\t\t\t\t\t\t\t<img decoding=\"async\" src=\"\/\/stickymedia.ca\/wp-content\/plugins\/revslider\/sr6\/assets\/assets\/dummy.png\" alt=\"\" title=\"\u00c9quipement et environnement\" class=\"rev-slidebg tp-rs-img rs-lazyload\" data-lazyload=\"\/\/stickymedia.ca\/wp-content\/uploads\/2018\/12\/Stickymedia2.jpg\" data-parallax=\"off\" data-no-retina>\n<!---->\t\t\t\t\t<\/rs-slide>\n\t\t\t\t\t\t<rs-slide style=\"position: absolute;\" data-key=\"rs-145\" data-title=\"Slide\" data-thumb=\"\/\/stickymedia.ca\/wp-content\/uploads\/2018\/12\/Stickymedia1-100x50.jpg\" data-anim=\"adpr:false;\">\n\t\t\t\t\t\t\t<img decoding=\"async\" src=\"\/\/stickymedia.ca\/wp-content\/plugins\/revslider\/sr6\/assets\/assets\/dummy.png\" alt=\"\" title=\"\u00c9quipement et environnement\" class=\"rev-slidebg tp-rs-img rs-lazyload\" data-lazyload=\"\/\/stickymedia.ca\/wp-content\/uploads\/2018\/12\/Stickymedia1.jpg\" data-parallax=\"off\" data-no-retina>\n<!---->\t\t\t\t\t<\/rs-slide>\n\t\t\t\t\t\t<rs-slide style=\"position: absolute;\" data-key=\"rs-137\" data-title=\"Slide\" data-thumb=\"\/\/stickymedia.ca\/wp-content\/uploads\/2018\/12\/Stickymediap6-100x50.jpg\" data-anim=\"adpr:false;\">\n\t\t\t\t\t\t\t<img decoding=\"async\" src=\"\/\/stickymedia.ca\/wp-content\/plugins\/revslider\/sr6\/assets\/assets\/dummy.png\" alt=\"\" title=\"\u00c9quipement et environnement\" class=\"rev-slidebg tp-rs-img rs-lazyload\" data-lazyload=\"\/\/stickymedia.ca\/wp-content\/uploads\/2018\/12\/Stickymediap6.jpg\" data-parallax=\"off\" data-no-retina>\n<!---->\t\t\t\t\t<\/rs-slide>\n\t\t\t\t\t\t<rs-slide style=\"position: absolute;\" data-key=\"rs-134\" data-title=\"Slide\" data-thumb=\"\/\/stickymedia.ca\/wp-content\/uploads\/2018\/12\/Stickymediap9-100x50.jpg\" data-anim=\"adpr:false;\">\n\t\t\t\t\t\t\t<img decoding=\"async\" src=\"\/\/stickymedia.ca\/wp-content\/plugins\/revslider\/sr6\/assets\/assets\/dummy.png\" alt=\"\" title=\"\u00c9quipement et environnement\" class=\"rev-slidebg tp-rs-img rs-lazyload\" data-lazyload=\"\/\/stickymedia.ca\/wp-content\/uploads\/2018\/12\/Stickymediap9.jpg\" data-parallax=\"off\" data-no-retina>\n<!---->\t\t\t\t\t<\/rs-slide>\n\t\t\t\t\t\t<rs-slide style=\"position: absolute;\" data-key=\"rs-135\" data-title=\"Slide\" data-thumb=\"\/\/stickymedia.ca\/wp-content\/uploads\/2018\/12\/Stickymediap8-100x50.jpg\" data-anim=\"adpr:false;\">\n\t\t\t\t\t\t\t<img decoding=\"async\" src=\"\/\/stickymedia.ca\/wp-content\/plugins\/revslider\/sr6\/assets\/assets\/dummy.png\" alt=\"\" title=\"\u00c9quipement et environnement\" class=\"rev-slidebg tp-rs-img rs-lazyload\" data-lazyload=\"\/\/stickymedia.ca\/wp-content\/uploads\/2018\/12\/Stickymediap8.jpg\" data-parallax=\"off\" data-no-retina>\n<!---->\t\t\t\t\t<\/rs-slide>\n\t\t\t\t\t\t<rs-slide style=\"position: absolute;\" data-key=\"rs-133\" data-title=\"Slide\" data-thumb=\"\/\/stickymedia.ca\/wp-content\/uploads\/2018\/12\/Stickymediap10-100x50.jpg\" data-anim=\"adpr:false;\">\n\t\t\t\t\t\t\t<img decoding=\"async\" src=\"\/\/stickymedia.ca\/wp-content\/plugins\/revslider\/sr6\/assets\/assets\/dummy.png\" alt=\"\" title=\"\u00c9quipement et environnement\" class=\"rev-slidebg tp-rs-img rs-lazyload\" data-lazyload=\"\/\/stickymedia.ca\/wp-content\/uploads\/2018\/12\/Stickymediap10.jpg\" data-parallax=\"off\" data-no-retina>\n<!---->\t\t\t\t\t<\/rs-slide>\n\t\t\t\t\t\t<rs-slide style=\"position: absolute;\" data-key=\"rs-138\" data-title=\"Slide\" data-thumb=\"\/\/stickymedia.ca\/wp-content\/uploads\/2018\/12\/Stickymediap5-100x50.jpg\" data-anim=\"adpr:false;\">\n\t\t\t\t\t\t\t<img decoding=\"async\" src=\"\/\/stickymedia.ca\/wp-content\/plugins\/revslider\/sr6\/assets\/assets\/dummy.png\" alt=\"\" title=\"\u00c9quipement et environnement\" class=\"rev-slidebg tp-rs-img rs-lazyload\" data-lazyload=\"\/\/stickymedia.ca\/wp-content\/uploads\/2018\/12\/Stickymediap5.jpg\" data-parallax=\"off\" data-no-retina>\n<!---->\t\t\t\t\t<\/rs-slide>\n\t\t\t\t\t\t<rs-slide style=\"position: absolute;\" data-key=\"rs-139\" data-title=\"Slide\" data-thumb=\"\/\/stickymedia.ca\/wp-content\/uploads\/2018\/12\/Stickymediap4-100x50.jpg\" data-anim=\"adpr:false;\">\n\t\t\t\t\t\t\t<img decoding=\"async\" src=\"\/\/stickymedia.ca\/wp-content\/plugins\/revslider\/sr6\/assets\/assets\/dummy.png\" alt=\"\" title=\"\u00c9quipement et environnement\" class=\"rev-slidebg tp-rs-img rs-lazyload\" data-lazyload=\"\/\/stickymedia.ca\/wp-content\/uploads\/2018\/12\/Stickymediap4.jpg\" data-parallax=\"off\" data-no-retina>\n<!---->\t\t\t\t\t<\/rs-slide>\n\t\t\t\t\t\t<rs-slide style=\"position: absolute;\" data-key=\"rs-140\" data-title=\"Slide\" data-thumb=\"\/\/stickymedia.ca\/wp-content\/uploads\/2018\/12\/Stickymediap3-100x50.jpg\" data-anim=\"adpr:false;\">\n\t\t\t\t\t\t\t<img decoding=\"async\" src=\"\/\/stickymedia.ca\/wp-content\/plugins\/revslider\/sr6\/assets\/assets\/dummy.png\" alt=\"\" title=\"\u00c9quipement et environnement\" class=\"rev-slidebg tp-rs-img rs-lazyload\" data-lazyload=\"\/\/stickymedia.ca\/wp-content\/uploads\/2018\/12\/Stickymediap3.jpg\" data-parallax=\"off\" data-no-retina>\n<!---->\t\t\t\t\t<\/rs-slide>\n\t\t\t\t\t\t<rs-slide style=\"position: absolute;\" data-key=\"rs-141\" data-title=\"Slide\" data-thumb=\"\/\/stickymedia.ca\/wp-content\/uploads\/2018\/12\/Stickymediap2-100x50.jpg\" data-anim=\"adpr:false;\">\n\t\t\t\t\t\t\t<img decoding=\"async\" src=\"\/\/stickymedia.ca\/wp-content\/plugins\/revslider\/sr6\/assets\/assets\/dummy.png\" alt=\"\" title=\"\u00c9quipement et environnement\" class=\"rev-slidebg tp-rs-img rs-lazyload\" data-lazyload=\"\/\/stickymedia.ca\/wp-content\/uploads\/2018\/12\/Stickymediap2.jpg\" data-parallax=\"off\" data-no-retina>\n<!---->\t\t\t\t\t<\/rs-slide>\n\t\t\t\t\t\t<rs-slide style=\"position: absolute;\" data-key=\"rs-142\" data-title=\"Slide\" data-thumb=\"\/\/stickymedia.ca\/wp-content\/uploads\/2018\/12\/Stickymediap1-100x50.jpg\" data-anim=\"adpr:false;\">\n\t\t\t\t\t\t\t<img decoding=\"async\" src=\"\/\/stickymedia.ca\/wp-content\/plugins\/revslider\/sr6\/assets\/assets\/dummy.png\" alt=\"\" title=\"\u00c9quipement et environnement\" class=\"rev-slidebg tp-rs-img rs-lazyload\" data-lazyload=\"\/\/stickymedia.ca\/wp-content\/uploads\/2018\/12\/Stickymediap1.jpg\" data-parallax=\"off\" data-no-retina>\n<!---->\t\t\t\t\t<\/rs-slide>\n\t\t\t\t\t\t<rs-slide style=\"position: absolute;\" data-key=\"rs-123\" data-title=\"Slide\" data-thumb=\"\/\/stickymedia.ca\/wp-content\/uploads\/2018\/12\/Stickymediaw6-100x50.jpg\" data-anim=\"ms:800;\" data-in=\"o:0;\" data-out=\"a:false;\" data-d3=\"f:cube;z:400;su:true;\">\n\t\t\t\t\t\t\t<img decoding=\"async\" src=\"\/\/stickymedia.ca\/wp-content\/plugins\/revslider\/sr6\/assets\/assets\/dummy.png\" alt=\"\" title=\"\u00c9quipement et environnement\" class=\"rev-slidebg tp-rs-img rs-lazyload\" data-lazyload=\"\/\/stickymedia.ca\/wp-content\/uploads\/2018\/12\/Stickymediaw6.jpg\" data-parallax=\"off\" data-no-retina>\n<!---->\t\t\t\t\t<\/rs-slide>\n\t\t\t\t\t\t<rs-slide style=\"position: absolute;\" data-key=\"rs-124\" data-title=\"Slide\" data-thumb=\"\/\/stickymedia.ca\/wp-content\/uploads\/2018\/12\/Stickymediaw5-100x50.jpg\" data-anim=\"adpr:false;\">\n\t\t\t\t\t\t\t<img decoding=\"async\" src=\"\/\/stickymedia.ca\/wp-content\/plugins\/revslider\/sr6\/assets\/assets\/dummy.png\" alt=\"\" title=\"\u00c9quipement et environnement\" class=\"rev-slidebg tp-rs-img rs-lazyload\" data-lazyload=\"\/\/stickymedia.ca\/wp-content\/uploads\/2018\/12\/Stickymediaw5.jpg\" data-parallax=\"off\" data-no-retina>\n<!---->\t\t\t\t\t<\/rs-slide>\n\t\t\t\t\t\t<rs-slide style=\"position: absolute;\" data-key=\"rs-125\" data-title=\"Slide\" data-thumb=\"\/\/stickymedia.ca\/wp-content\/uploads\/2018\/12\/Stickymediaw4-100x50.jpg\" data-anim=\"adpr:false;\">\n\t\t\t\t\t\t\t<img decoding=\"async\" src=\"\/\/stickymedia.ca\/wp-content\/plugins\/revslider\/sr6\/assets\/assets\/dummy.png\" alt=\"\" title=\"\u00c9quipement et environnement\" class=\"rev-slidebg tp-rs-img rs-lazyload\" data-lazyload=\"\/\/stickymedia.ca\/wp-content\/uploads\/2018\/12\/Stickymediaw4.jpg\" data-parallax=\"off\" data-no-retina>\n<!---->\t\t\t\t\t<\/rs-slide>\n\t\t\t\t\t\t<rs-slide style=\"position: absolute;\" data-key=\"rs-126\" data-title=\"Slide\" data-thumb=\"\/\/stickymedia.ca\/wp-content\/uploads\/2018\/12\/Stickymediaw3-100x50.jpg\" data-anim=\"adpr:false;\">\n\t\t\t\t\t\t\t<img decoding=\"async\" src=\"\/\/stickymedia.ca\/wp-content\/plugins\/revslider\/sr6\/assets\/assets\/dummy.png\" alt=\"\" title=\"\u00c9quipement et environnement\" class=\"rev-slidebg tp-rs-img rs-lazyload\" data-lazyload=\"\/\/stickymedia.ca\/wp-content\/uploads\/2018\/12\/Stickymediaw3.jpg\" data-parallax=\"off\" data-no-retina>\n<!---->\t\t\t\t\t<\/rs-slide>\n\t\t\t\t\t\t<rs-slide style=\"position: absolute;\" data-key=\"rs-127\" data-title=\"Slide\" data-thumb=\"\/\/stickymedia.ca\/wp-content\/uploads\/2018\/12\/Stickymediaw2-100x50.jpg\" data-anim=\"adpr:false;\">\n\t\t\t\t\t\t\t<img decoding=\"async\" src=\"\/\/stickymedia.ca\/wp-content\/plugins\/revslider\/sr6\/assets\/assets\/dummy.png\" alt=\"\" title=\"\u00c9quipement et environnement\" class=\"rev-slidebg tp-rs-img rs-lazyload\" data-lazyload=\"\/\/stickymedia.ca\/wp-content\/uploads\/2018\/12\/Stickymediaw2.jpg\" data-parallax=\"off\" data-no-retina>\n<!---->\t\t\t\t\t<\/rs-slide>\n\t\t\t\t\t\t<rs-slide style=\"position: absolute;\" data-key=\"rs-128\" data-title=\"Slide\" data-thumb=\"\/\/stickymedia.ca\/wp-content\/uploads\/2018\/12\/Stickymediaw1-100x50.jpg\" data-anim=\"adpr:false;\">\n\t\t\t\t\t\t\t<img decoding=\"async\" src=\"\/\/stickymedia.ca\/wp-content\/plugins\/revslider\/sr6\/assets\/assets\/dummy.png\" alt=\"\" title=\"\u00c9quipement et environnement\" class=\"rev-slidebg tp-rs-img rs-lazyload\" data-lazyload=\"\/\/stickymedia.ca\/wp-content\/uploads\/2018\/12\/Stickymediaw1.jpg\" data-parallax=\"off\" data-no-retina>\n<!---->\t\t\t\t\t<\/rs-slide>\n\t\t\t\t\t\t<rs-slide style=\"position: absolute;\" data-key=\"rs-129\" data-title=\"Slide\" data-thumb=\"\/\/stickymedia.ca\/wp-content\/uploads\/2018\/12\/Stickymedias4-100x50.jpg\" data-anim=\"adpr:false;\">\n\t\t\t\t\t\t\t<img decoding=\"async\" src=\"\/\/stickymedia.ca\/wp-content\/plugins\/revslider\/sr6\/assets\/assets\/dummy.png\" alt=\"\" title=\"\u00c9quipement et environnement\" class=\"rev-slidebg tp-rs-img rs-lazyload\" data-lazyload=\"\/\/stickymedia.ca\/wp-content\/uploads\/2018\/12\/Stickymedias4.jpg\" data-parallax=\"off\" data-no-retina>\n<!---->\t\t\t\t\t<\/rs-slide>\n\t\t\t\t\t\t<rs-slide style=\"position: absolute;\" data-key=\"rs-130\" data-title=\"Slide\" data-thumb=\"\/\/stickymedia.ca\/wp-content\/uploads\/2018\/12\/Stickymedias3-100x50.jpg\" data-anim=\"adpr:false;\">\n\t\t\t\t\t\t\t<img decoding=\"async\" src=\"\/\/stickymedia.ca\/wp-content\/plugins\/revslider\/sr6\/assets\/assets\/dummy.png\" alt=\"\" title=\"\u00c9quipement et environnement\" class=\"rev-slidebg tp-rs-img rs-lazyload\" data-lazyload=\"\/\/stickymedia.ca\/wp-content\/uploads\/2018\/12\/Stickymedias3.jpg\" data-parallax=\"off\" data-no-retina>\n<!---->\t\t\t\t\t<\/rs-slide>\n\t\t\t\t\t\t<rs-slide style=\"position: absolute;\" data-key=\"rs-131\" data-title=\"Slide\" data-thumb=\"\/\/stickymedia.ca\/wp-content\/uploads\/2018\/12\/Stickymedias2-100x50.jpg\" data-anim=\"adpr:false;\">\n\t\t\t\t\t\t\t<img decoding=\"async\" src=\"\/\/stickymedia.ca\/wp-content\/plugins\/revslider\/sr6\/assets\/assets\/dummy.png\" alt=\"\" title=\"\u00c9quipement et environnement\" class=\"rev-slidebg tp-rs-img rs-lazyload\" data-lazyload=\"\/\/stickymedia.ca\/wp-content\/uploads\/2018\/12\/Stickymedias2.jpg\" data-parallax=\"off\" data-no-retina>\n<!---->\t\t\t\t\t<\/rs-slide>\n\t\t\t\t\t\t<rs-slide style=\"position: absolute;\" data-key=\"rs-132\" data-title=\"Slide\" data-thumb=\"\/\/stickymedia.ca\/wp-content\/uploads\/2018\/12\/Stickymedias1-100x50.jpg\" data-anim=\"adpr:false;\">\n\t\t\t\t\t\t\t<img decoding=\"async\" src=\"\/\/stickymedia.ca\/wp-content\/plugins\/revslider\/sr6\/assets\/assets\/dummy.png\" alt=\"\" title=\"\u00c9quipement et environnement\" class=\"rev-slidebg tp-rs-img rs-lazyload\" data-lazyload=\"\/\/stickymedia.ca\/wp-content\/uploads\/2018\/12\/Stickymedias1.jpg\" data-parallax=\"off\" data-no-retina>\n<!---->\t\t\t\t\t<\/rs-slide>\n\t\t\t\t\t<\/rs-slides>\n\t\t\t\t<\/rs-module>\n\t\t\t\t<script>\n\t\t\t\t\tsetREVStartSize({c: 'rev_slider_16_1',rl:[1240,1024,778,480],el:[],gw:[1200],gh:[800],type:'standard',justify:'',layout:'fullwidth',mh:\"0\"});if (window.RS_MODULES!==undefined && window.RS_MODULES.modules!==undefined && window.RS_MODULES.modules[\"revslider161\"]!==undefined) {window.RS_MODULES.modules[\"revslider161\"].once = false;window.revapi16 = undefined;if (window.RS_MODULES.checkMinimal!==undefined) window.RS_MODULES.checkMinimal()}\n\t\t\t\t<\/script>\n\t\t\t<\/rs-module-wrap>\n\t\t\t<!-- END REVOLUTION SLIDER -->\n[vc_empty_space][\/vc_column][\/vc_row][vc_row full_width=&#8221;stretch_row&#8221; el_class=&#8221;third_bg_color&#8221; css=&#8221;.vc_custom_1535472593964{margin-bottom: -60px !important;}&#8221;][vc_column][vc_cta h2=&#8221;Travaillons ensemble!&#8221; h2_font_container=&#8221;font_size:20px|color:%23000000|line_height:24px&#8221; h2_use_theme_fonts=&#8221;yes&#8221; shape=&#8221;square&#8221; style=&#8221;flat&#8221; add_button=&#8221;right&#8221; btn_title=&#8221;Obtenez une estimation gratuite&#8221; btn_style=&#8221;flat&#8221; btn_color=&#8221;theme_style_2&#8243; btn_align=&#8221;right&#8221; btn_i_align=&#8221;right&#8221; btn_i_icon_fontawesome=&#8221;fa fa-chevron-right&#8221; use_custom_fonts_h2=&#8221;true&#8221; btn_button_block=&#8221;true&#8221; btn_add_icon=&#8221;true&#8221; el_class=&#8221;third_bg_color&#8221; css=&#8221;.vc_custom_1546889600154{margin-bottom: 0px !important;}&#8221; btn_link=&#8221;url:%2Ffr%2Fcontactez-nous%2F%23contactformSM|||&#8221;][\/vc_cta][\/vc_column][\/vc_row]<\/p>\n","protected":false},"excerpt":{"rendered":"<p>[vc_row css=&#8221;.vc_custom_1486039795308{margin-bottom: 34px !important;}&#8221;][vc_column][vc_column_text css=&#8221;.vc_custom_1545363763362{margin-bottom: 20px !important;}&#8221;]Nous sommes fiers d&#8217;\u00eatre une entreprise d&#8217;impression neutre en carbone et innovante du point de vue de l&#8217;environnement. Notre passion est de faire du vert la plus belle couleur du monde. En plus de recycler, l\u2019innovation provient de la passion et de nos pratiques au jour le jour. Notre<\/p>\n","protected":false},"author":7,"featured_media":0,"parent":0,"menu_order":0,"comment_status":"closed","ping_status":"closed","template":"","meta":{"footnotes":""},"class_list":["post-1963","page","type-page","status-publish","hentry"],"_links":{"self":[{"href":"https:\/\/stickymedia.ca\/fr\/wp-json\/wp\/v2\/pages\/1963\/"}],"collection":[{"href":"https:\/\/stickymedia.ca\/fr\/wp-json\/wp\/v2\/pages\/"}],"about":[{"href":"https:\/\/stickymedia.ca\/fr\/wp-json\/wp\/v2\/types\/page\/"}],"author":[{"embeddable":true,"href":"https:\/\/stickymedia.ca\/fr\/wp-json\/wp\/v2\/users\/7\/"}],"replies":[{"embeddable":true,"href":"https:\/\/stickymedia.ca\/fr\/wp-json\/wp\/v2\/comments\/?post=1963"}],"version-history":[{"count":7,"href":"https:\/\/stickymedia.ca\/fr\/wp-json\/wp\/v2\/pages\/1963\/revisions\/"}],"predecessor-version":[{"id":2296,"href":"https:\/\/stickymedia.ca\/fr\/wp-json\/wp\/v2\/pages\/1963\/revisions\/2296\/"}],"wp:attachment":[{"href":"https:\/\/stickymedia.ca\/fr\/wp-json\/wp\/v2\/media\/?parent=1963"}],"curies":[{"name":"wp","href":"https:\/\/api.w.org\/{rel}","templated":true}]}}