{"id":1961,"date":"2016-01-07T04:23:21","date_gmt":"2016-01-07T04:23:21","guid":{"rendered":"https:\/\/stickymedia.ca\/lhistoire-de-la-compagnie\/"},"modified":"2021-08-31T10:55:21","modified_gmt":"2021-08-31T14:55:21","slug":"histoire-de-la-compagnie","status":"publish","type":"page","link":"https:\/\/stickymedia.ca\/fr\/histoire-de-la-compagnie\/","title":{"rendered":"L&#8217;histoire de la compagnie"},"content":{"rendered":"<p>[vc_row css=&#8221;.vc_custom_1451991003825{margin-bottom: 100px !important;}&#8221;][vc_column width=&#8221;3\/4&#8243;][vc_single_image image=&#8221;2084&#8243; img_size=&#8221;full&#8221; css=&#8221;.vc_custom_1544676324528{margin-bottom: 46px !important;}&#8221;][vc_column_text css=&#8221;.vc_custom_1545364275520{margin-bottom: 50px !important;}&#8221;]<\/p>\n<h2>Tout a commenc\u00e9 par un autocollant\u2026<\/h2>\n<p>Sticky Media est une entreprise de production sp\u00e9cialis\u00e9e dans l\u2019impression grand format, la production d\u2019enseignes, les travaux de menuiserie et l\u2019ing\u00e9niosit\u00e9 artistique.[\/vc_column_text][stm_company_history][stm_company_history_item year=&#8221;1998&#8243; title=&#8221;La course automobile&#8221; description=&#8221;L\u2019\u00e9quipe s\u2019est form\u00e9e durant l\u2019apog\u00e9e de la course automobile \u00e0 Montr\u00e9al vers la fin des ann\u00e9es 90, les fondateurs de la compagnie agissant alors \u00e0 titre de fervents pionniers de la culture. Cette passion profond\u00e9ment enracin\u00e9e les a inspir\u00e9s \u00e0 entreprendre la production de d\u00e9calques pour les carrosseries de voitures, ce qui leur a ensuite permis de devenir une entreprise de petite envergure, oeuvrant pour des comptes personnels et de petites entreprises \u00e0 partir du sous-sol de la maison de leurs parents. R\u00e9cemment dipl\u00f4m\u00e9s en commerce, ces deux jeunes entrepreneurs ont conserv\u00e9 leur emploi de jour tout en travaillant les soirs et les fins de semaine sur une vieille table de cuisine avec une petite imprimante \u00e0 adh\u00e9sifs, remplissant de petites commandes \u00e0 l\u2019aide d\u2019un \u00e9quipement minimaliste.&#8221;][stm_company_history_item year=&#8221;1999&#8243; title=&#8221;Sticky Grafix&#8221; description=&#8221;C\u2019est \u00e0 partir de ce moment que la demande s\u2019est mise \u00e0 cro\u00eetre suffisamment pour leur permettre d\u2019ouvrir une premi\u00e8re succursale en 1999 sous la banni\u00e8re Sticky Grafix.&#8221;][stm_company_history_item year=&#8221;2003&#8243; title=&#8221;Sticky Media&#8221; description=&#8221;En 2003, ils ont chang\u00e9 le nom de la marque pour Sticky Media apr\u00e8s avoir acquis une petite client\u00e8le loyale. Le temps \u00e9tait venu de faire les choses en grand. En tant que partenaires, ces entrepreneurs inspir\u00e9s repr\u00e9sentaient un \u00e9quilibre id\u00e9al entre la passion pour la cr\u00e9ation, le d\u00e9vouement \u00e0 la qualit\u00e9 et la strat\u00e9gie d\u2019affaires. Ils se sont mutuellement motiv\u00e9s \u00e0 r\u00e9unir leurs efforts et \u00e0 franchir l\u2019\u00e9tape suivante, occupant les r\u00f4les de repr\u00e9sentants des ventes et de techniciens \u00e0 la production et \u00e0 l\u2019installation. Gr\u00e2ce \u00e0 leur d\u00e9vouement, la compagnie s\u2019est mise \u00e0 cro\u00eetre rapidement.&#8221;][stm_company_history_item year=&#8221;2006&#8243; title=&#8221;Premi\u00e8re expansion&#8221; description=&#8221;Suite \u00e0 cette croissance, en 2006, ils durent d\u00e9m\u00e9nager de nouveau. C\u2019est alors qu\u2019ils ont ouvert leur premier atelier de production de 12 500 pieds carr\u00e9s, rejoints par quelques talentueux employ\u00e9s (qui font toujours partie de l\u2019\u00e9quipe \u00e0 ce jour). C\u2019est \u00e0 ce moment qu\u2019ils ont choisi d\u2019investir dans des technologies plus modernes et de compter sur le bouche \u00e0- oreille pour passer le mot. Avec une demande sans cesse grandissante, l\u2019espace de travail a graduellement diminu\u00e9 et le nouvel atelier est rapidement devenu surpeupl\u00e9.&#8221;][stm_company_history_item year=&#8221;2012&#8243; title=&#8221;Deuxi\u00e8me expansion&#8221; description=&#8221;En 2012, Sticky Media a de nouveau charg\u00e9 ses imprimantes et son \u00e9quipement \u00e0 bord d\u2019un camion pour d\u00e9m\u00e9nager une fois de plus, maintenant suivis par une jeune \u00e9quipe dynamique. Apr\u00e8s d\u2019importantes r\u00e9novations, les nouvelles installations ont \u00e9t\u00e9 con\u00e7ues de fa\u00e7on \u00e0 permettre une communication fluide entre tous les d\u00e9partements, ce qui permet de r\u00e9aliser tous les projets sur place. D\u00e9sormais \u00e9quip\u00e9 de 30 000 pieds carr\u00e9s d\u2019espace de bureau et de production, Sticky Media offre une vaste gamme de ressources et de solutions cr\u00e9atives, telles que divers types d\u2019impression grand format, des pr\u00e9sentoirs de points de vente, des d\u00e9calques pour voitures, la production d\u2019enseignes, des travaux de menuiserie en plus de projets personnalis\u00e9s. Chaque projet b\u00e9n\u00e9ficie de leur savoir-faire et de leur expertise dans le domaine de la vente au d\u00e9tail et des salons professionnels, \u00e0 la fois pour les clients commerciaux et priv\u00e9s.&#8221;][stm_company_history_item year=&#8221;2021&#8243; title=&#8221;Aujourd&#8217;hui&#8221; description=&#8221;Nous croyons que la diversit\u00e9 et une \u00e9troite collaboration avec nos clients sont la cl\u00e9 du succ\u00e8s; en plus d\u2019int\u00e9grer les strat\u00e9gies marketing de nos clients en utilisant les plus r\u00e9centes technologies de l\u2019impression et du num\u00e9rique, nous cherchons toujours \u00e0 d\u00e9passer les attentes gr\u00e2ce \u00e0 des solutions d\u2019impact cl\u00e9 en main et au d\u00e9veloppement de concepts cr\u00e9atifs, le tout combin\u00e9 \u00e0 des services et \u00e0 des technologies d\u2019impression de pointe. En tant que moralistes \u00e0 la conscience \u00e9cologique, nous sommes tr\u00e8s fiers d\u2019affirmer que notre production de masse est planifi\u00e9e de fa\u00e7on \u00e0 laisser une empreinte carbone minime.<\/p>\n<p>En tenant toujours compte de l\u2019environnement dynamique de nos clients, nous sommes fiers d\u2019aider nos clients \u00e0 r\u00e9ussir l\u2019impossible en respectant les \u00e9ch\u00e9anciers serr\u00e9s et en les aidant \u00e0 trouver des solutions cr\u00e9atives afin de r\u00e9pondre aux besoins m\u00eame les plus complexes.<\/p>\n<p>Nos valeurs r\u00e9sident dans le respect de notre art et de la plan\u00e8te, de m\u00eame que dans une approche personnalis\u00e9e pour chaque mandat qui nous est assign\u00e9. C\u2019est ce qui nous a permis d\u2019acqu\u00e9rir la r\u00e9putation de cr\u00e9ateurs de tendances en communication visuelle en Am\u00e9rique du Nord depuis plus de 15 ans, en grande partie gr\u00e2ce \u00e0 l\u2019aide de nos loyaux clients.<\/p>\n<p>Des id\u00e9es, des technologies et une cr\u00e9dibilit\u00e9 innovatrices, voil\u00e0 ce qui caract\u00e9rise notre approche. Notre portfolio le d\u00e9montre bien.&#8221;][\/stm_company_history][\/vc_column][vc_column width=&#8221;1\/4&#8243;][stm_sidebar sidebar=&#8221;2271&#8243;][\/vc_column][\/vc_row][vc_row][vc_column]\n\t\t\t<!-- START officephotos REVOLUTION SLIDER 6.7.37 --><p class=\"rs-p-wp-fix\"><\/p>\n\t\t\t<rs-module-wrap id=\"rev_slider_15_1_wrapper\" data-source=\"gallery\" style=\"visibility:hidden;background:transparent;padding:0;margin:0px auto;margin-top:0;margin-bottom:0;\">\n\t\t\t\t<rs-module id=\"rev_slider_15_1\" style=\"\" data-version=\"6.7.37\">\n\t\t\t\t\t<rs-slides style=\"overflow: hidden; position: absolute;\">\n\t\t\t\t\t\t<rs-slide style=\"position: absolute;\" data-key=\"rs-151\" data-title=\"Slide\" data-thumb=\"\/\/stickymedia.ca\/wp-content\/uploads\/2018\/12\/stickymedia-office5-100x50.jpg\" data-anim=\"adpr:false;\">\n\t\t\t\t\t\t\t<img decoding=\"async\" src=\"\/\/stickymedia.ca\/wp-content\/plugins\/revslider\/sr6\/assets\/assets\/dummy.png\" alt=\"\" title=\"L&#8217;histoire de la compagnie\" class=\"rev-slidebg tp-rs-img rs-lazyload\" data-lazyload=\"\/\/stickymedia.ca\/wp-content\/uploads\/2018\/12\/stickymedia-office5.jpg\" data-parallax=\"off\" data-no-retina>\n<!---->\t\t\t\t\t<\/rs-slide>\n\t\t\t\t\t\t<rs-slide style=\"position: absolute;\" data-key=\"rs-147\" data-title=\"Slide\" data-thumb=\"\/\/stickymedia.ca\/wp-content\/uploads\/2018\/12\/stickymedia-office1-100x50.jpg\" data-anim=\"adpr:false;\">\n\t\t\t\t\t\t\t<img decoding=\"async\" src=\"\/\/stickymedia.ca\/wp-content\/plugins\/revslider\/sr6\/assets\/assets\/dummy.png\" alt=\"\" title=\"L&#8217;histoire de la compagnie\" class=\"rev-slidebg tp-rs-img rs-lazyload\" data-lazyload=\"\/\/stickymedia.ca\/wp-content\/uploads\/2018\/12\/stickymedia-office1.jpg\" data-parallax=\"off\" data-no-retina>\n<!---->\t\t\t\t\t<\/rs-slide>\n\t\t\t\t\t\t<rs-slide style=\"position: absolute;\" data-key=\"rs-150\" data-title=\"Slide\" data-thumb=\"\/\/stickymedia.ca\/wp-content\/uploads\/2018\/12\/stickymedia-office4-100x50.jpg\" data-anim=\"adpr:false;\">\n\t\t\t\t\t\t\t<img decoding=\"async\" src=\"\/\/stickymedia.ca\/wp-content\/plugins\/revslider\/sr6\/assets\/assets\/dummy.png\" alt=\"\" title=\"L&#8217;histoire de la compagnie\" class=\"rev-slidebg tp-rs-img rs-lazyload\" data-lazyload=\"\/\/stickymedia.ca\/wp-content\/uploads\/2018\/12\/stickymedia-office4.jpg\" data-parallax=\"off\" data-no-retina>\n<!---->\t\t\t\t\t<\/rs-slide>\n\t\t\t\t\t\t<rs-slide style=\"position: absolute;\" data-key=\"rs-148\" data-title=\"Slide\" data-thumb=\"\/\/stickymedia.ca\/wp-content\/uploads\/2018\/12\/stickymedia-office2-100x50.jpg\" data-anim=\"adpr:false;\">\n\t\t\t\t\t\t\t<img decoding=\"async\" src=\"\/\/stickymedia.ca\/wp-content\/plugins\/revslider\/sr6\/assets\/assets\/dummy.png\" alt=\"\" title=\"L&#8217;histoire de la compagnie\" class=\"rev-slidebg tp-rs-img rs-lazyload\" data-lazyload=\"\/\/stickymedia.ca\/wp-content\/uploads\/2018\/12\/stickymedia-office2.jpg\" data-parallax=\"off\" data-no-retina>\n<!---->\t\t\t\t\t<\/rs-slide>\n\t\t\t\t\t\t<rs-slide style=\"position: absolute;\" data-key=\"rs-149\" data-title=\"Slide\" data-thumb=\"\/\/stickymedia.ca\/wp-content\/uploads\/2018\/12\/stickymedia-office3-100x50.jpg\" data-anim=\"adpr:false;\">\n\t\t\t\t\t\t\t<img decoding=\"async\" src=\"\/\/stickymedia.ca\/wp-content\/plugins\/revslider\/sr6\/assets\/assets\/dummy.png\" alt=\"\" title=\"L&#8217;histoire de la compagnie\" class=\"rev-slidebg tp-rs-img rs-lazyload\" data-lazyload=\"\/\/stickymedia.ca\/wp-content\/uploads\/2018\/12\/stickymedia-office3.jpg\" data-parallax=\"off\" data-no-retina>\n<!---->\t\t\t\t\t<\/rs-slide>\n\t\t\t\t\t<\/rs-slides>\n\t\t\t\t<\/rs-module>\n\t\t\t\t<script>\n\t\t\t\t\tsetREVStartSize({c: 'rev_slider_15_1',rl:[1240,1024,778,480],el:[],gw:[1200],gh:[800],type:'standard',justify:'',layout:'fullwidth',mh:\"0\"});if (window.RS_MODULES!==undefined && window.RS_MODULES.modules!==undefined && window.RS_MODULES.modules[\"revslider151\"]!==undefined) {window.RS_MODULES.modules[\"revslider151\"].once = false;window.revapi15 = undefined;if (window.RS_MODULES.checkMinimal!==undefined) window.RS_MODULES.checkMinimal()}\n\t\t\t\t<\/script>\n\t\t\t<\/rs-module-wrap>\n\t\t\t<!-- END REVOLUTION SLIDER -->\n[vc_empty_space height=&#8221;75px&#8221;][\/vc_column][\/vc_row][vc_row full_width=&#8221;stretch_row&#8221; el_class=&#8221;third_bg_color&#8221; css=&#8221;.vc_custom_1451889219674{margin-bottom: -60px !important;}&#8221;][vc_column][vc_cta h2=&#8221;Travaillons ensemble!&#8221; h2_font_container=&#8221;font_size:20px|color:%23000000|line_height:24px&#8221; h2_use_theme_fonts=&#8221;yes&#8221; shape=&#8221;square&#8221; style=&#8221;flat&#8221; add_button=&#8221;right&#8221; btn_title=&#8221;Obtenez une estimation gratuite!&#8221; btn_style=&#8221;flat&#8221; btn_color=&#8221;theme_style_2&#8243; btn_align=&#8221;right&#8221; btn_i_align=&#8221;right&#8221; btn_i_icon_fontawesome=&#8221;fa fa-chevron-right&#8221; use_custom_fonts_h2=&#8221;true&#8221; btn_button_block=&#8221;true&#8221; btn_add_icon=&#8221;true&#8221; el_class=&#8221;third_bg_color&#8221; css=&#8221;.vc_custom_1545364534850{margin-bottom: 0px !important;}&#8221; btn_link=&#8221;url:%2Ffr%2Fcontactez-nous%2F|||&#8221;][\/vc_cta][\/vc_column][\/vc_row][vc_row][vc_column][vc_raw_html]JTNDc3R5bGUlM0UlMEEuY29tcGFueV9oaXN0b3J5X3RleHQlMjBwJTIwJTdCJTBBJTIwbWFyZ2luJTNBMTVweCUyMDAlMjFpbXBvcnRhbnQlM0IlMEElN0QlMEElM0MlMkZzdHlsZSUzRQ==[\/vc_raw_html][\/vc_column][\/vc_row]<\/p>\n","protected":false},"excerpt":{"rendered":"<p>[vc_row css=&#8221;.vc_custom_1451991003825{margin-bottom: 100px !important;}&#8221;][vc_column width=&#8221;3\/4&#8243;][vc_single_image image=&#8221;2084&#8243; img_size=&#8221;full&#8221; css=&#8221;.vc_custom_1544676324528{margin-bottom: 46px !important;}&#8221;][vc_column_text css=&#8221;.vc_custom_1545364275520{margin-bottom: 50px !important;}&#8221;] Tout a commenc\u00e9 par un autocollant\u2026 Sticky Media est une entreprise de production sp\u00e9cialis\u00e9e dans l\u2019impression grand format, la production d\u2019enseignes, les travaux de menuiserie et l\u2019ing\u00e9niosit\u00e9 artistique.[\/vc_column_text][stm_company_history][stm_company_history_item year=&#8221;1998&#8243; title=&#8221;La course automobile&#8221; description=&#8221;L\u2019\u00e9quipe s\u2019est form\u00e9e durant l\u2019apog\u00e9e de la course automobile \u00e0<\/p>\n","protected":false},"author":7,"featured_media":0,"parent":0,"menu_order":0,"comment_status":"closed","ping_status":"closed","template":"","meta":{"footnotes":""},"class_list":["post-1961","page","type-page","status-publish","hentry"],"_links":{"self":[{"href":"https:\/\/stickymedia.ca\/fr\/wp-json\/wp\/v2\/pages\/1961\/"}],"collection":[{"href":"https:\/\/stickymedia.ca\/fr\/wp-json\/wp\/v2\/pages\/"}],"about":[{"href":"https:\/\/stickymedia.ca\/fr\/wp-json\/wp\/v2\/types\/page\/"}],"author":[{"embeddable":true,"href":"https:\/\/stickymedia.ca\/fr\/wp-json\/wp\/v2\/users\/7\/"}],"replies":[{"embeddable":true,"href":"https:\/\/stickymedia.ca\/fr\/wp-json\/wp\/v2\/comments\/?post=1961"}],"version-history":[{"count":8,"href":"https:\/\/stickymedia.ca\/fr\/wp-json\/wp\/v2\/pages\/1961\/revisions\/"}],"predecessor-version":[{"id":4321,"href":"https:\/\/stickymedia.ca\/fr\/wp-json\/wp\/v2\/pages\/1961\/revisions\/4321\/"}],"wp:attachment":[{"href":"https:\/\/stickymedia.ca\/fr\/wp-json\/wp\/v2\/media\/?parent=1961"}],"curies":[{"name":"wp","href":"https:\/\/api.w.org\/{rel}","templated":true}]}}