{"id":1947,"date":"2015-12-14T07:14:55","date_gmt":"2015-12-14T07:14:55","guid":{"rendered":"https:\/\/stickymedia.ca\/accueil\/"},"modified":"2025-06-25T11:34:48","modified_gmt":"2025-06-25T15:34:48","slug":"accueil","status":"publish","type":"page","link":"https:\/\/stickymedia.ca\/fr\/accueil\/","title":{"rendered":"accueil"},"content":{"rendered":"<p>[vc_row][vc_column offset=&#8221;vc_hidden-xs&#8221;][rev_slider_vc alias=&#8221;stickymedia-fr&#8221;][\/vc_column][\/vc_row][vc_row][vc_column offset=&#8221;vc_hidden-lg vc_hidden-md vc_hidden-sm&#8221;][vc_single_image image=&#8221;2322&#8243; img_size=&#8221;full&#8221; alignment=&#8221;center&#8221; onclick=&#8221;custom_link&#8221; link=&#8221;\/contact\/#contactformSM&#8221;][\/vc_column][\/vc_row][vc_row css=&#8221;.vc_custom_1544814717509{margin-top: 35px !important;}&#8221;][vc_column][vc_custom_heading text=&#8221;Notre expertise&#8221; font_container=&#8221;tag:h2|font_size:45px|text_align:center|line_height:60px&#8221; use_theme_fonts=&#8221;yes&#8221; el_class=&#8221;base_font_color&#8221; css=&#8221;.vc_custom_1545333731960{margin-bottom: 35px !important;}&#8221;][\/vc_column][\/vc_row][vc_row css=&#8221;.vc_custom_1544717406015{margin-bottom: 37px !important;}&#8221; el_id=&#8221;rwexpertise&#8221;][vc_column width=&#8221;1\/3&#8243;][stm_animation_block animation=&#8221;fadeInUp&#8221; animation_duration=&#8221;1&#8243; animation_delay=&#8221;0&#8243;][stm_info_box style=&#8221;style_3&#8243; title_icon=&#8221;stickymedia-icons-large-print&#8221; icon=&#8221;fa fa-chevron-right&#8221; title=&#8221;Impression grand format&#8221; link=&#8221;url:%2Ffr%2Fservices%2Fimpression-grand-format%2F|title:En%20savoir%20plus||&#8221; image=&#8221;8471&#8243;]Sitcky Media est un des leaders de l\u2019industrie de l\u2019impression grand format en Am\u00e9rique du Nord\u2026[\/stm_info_box][\/stm_animation_block][stm_animation_block animation=&#8221;fadeInUp&#8221; animation_duration=&#8221;1&#8243; animation_delay=&#8221;0&#8243;][stm_info_box style=&#8221;style_3&#8243; title_icon=&#8221;stickymedia-icons-lettering&#8221; icon=&#8221;fa fa-chevron-right&#8221; title=&#8221;Lettrage&#8221; image=&#8221;1459&#8243; link=&#8221;url:%2Ffr%2Fservices%2Flettrage%2F|title:en%20savoir%20plus||&#8221;]Le lettrage a un impact important dans une strat\u00e9gie de marque\u2026[\/stm_info_box][\/stm_animation_block][\/vc_column][vc_column width=&#8221;1\/3&#8243;][stm_animation_block animation=&#8221;fadeInUp&#8221; animation_duration=&#8221;1&#8243; animation_delay=&#8221;0.05&#8243;][stm_info_box style=&#8221;style_3&#8243; title_icon=&#8221;stickymedia-icons-millwork&#8221; icon=&#8221;fa fa-chevron-right&#8221; title=&#8221;Menuiserie sur mesure&#8221; image=&#8221;1457&#8243; link=&#8221;url:%2Ffr%2Fservices%2Fmenuiserie%2F|title:en%20savoir%20plus||&#8221;]Sticky Media vous offre la possibilit\u00e9 de r\u00e9aliser tous vos projets de menuiserie, du d\u00e9but \u00e0 la fin&#8230;.[\/stm_info_box][\/stm_animation_block][stm_animation_block animation=&#8221;fadeInUp&#8221; animation_duration=&#8221;1&#8243; animation_delay=&#8221;0.05&#8243;][stm_info_box style=&#8221;style_3&#8243; title_icon=&#8221;stickymedia-icons-truck&#8221; icon=&#8221;fa fa-chevron-right&#8221; title=&#8221;Habillage de v\u00e9hicule&#8221; image=&#8221;2307&#8243; link=&#8221;url:%2Ffr%2Fservices%2Fhabillage-de-vehicule%2F|title:en%20savoir%20plus||&#8221;]<span class=\"tlid-translation translation\"><span class=\"\" title=\"\">Vous souhaitez personnaliser votre v\u00e9hicule d&#8217;entreprise pour accro\u00eetre votre visibilit\u00e9?<\/span><\/span>[\/stm_info_box][\/stm_animation_block][\/vc_column][vc_column width=&#8221;1\/3&#8243;][stm_animation_block animation=&#8221;fadeInUp&#8221; animation_duration=&#8221;1&#8243; animation_delay=&#8221;0.1&#8243;][stm_info_box style=&#8221;style_3&#8243; title_icon=&#8221;stickymedia-icons-sign&#8221; icon=&#8221;fa fa-chevron-right&#8221; title=&#8221;Enseigne&#8221; image=&#8221;1461&#8243; link=&#8221;url:%2Ffr%2Fservices%2Fenseigne%2F|title:en%20savoir%20plus||&#8221;]<span class=\"tlid-translation translation\"><span class=\"\" title=\"\">Solutions d&#8217;enseignes personnalis\u00e9es pour petites entreprises, grandes cha\u00eenes et franchises de toutes tailles<\/span><\/span>[\/stm_info_box][\/stm_animation_block][stm_animation_block animation=&#8221;fadeInUp&#8221; animation_duration=&#8221;1&#8243; animation_delay=&#8221;0.1&#8243;][stm_info_box style=&#8221;style_3&#8243; title_icon=&#8221;stickymedia-icons-tradeshow&#8221; icon=&#8221;fa fa-chevron-right&#8221; title=&#8221;Kiosque d\u2019exposition&#8221; image=&#8221;7685&#8243; link=&#8221;url:%2Ffr%2Fservices%2Fkiosque-exposition-fabrication%2F|title:en%20savoir%20plus||&#8221;]<span class=\"tlid-translation translation\"><span class=\"\" title=\"\">Nous avons 15 ans d\u2019exp\u00e9rience dans la conception et la construction de stands d&#8217;expositions corporatifs\u2026<\/span><\/span>[\/stm_info_box][\/stm_animation_block][\/vc_column][vc_column][vc_raw_js]JTNDc2NyaXB0JTNFJTBBJTI4ZnVuY3Rpb24lMjAlMjglMjQlMjklMjAlN0IlMEElMjAlMjAlMjAlMjAlMjQlMjglMjclMjNyd2V4cGVydGlzZSUyMC5zdG1fdmlld3BvcnQlMjclMjkuY2xpY2slMjhmdW5jdGlvbiUyMCUyOGUlMjklMjAlN0IlMEElMjAlMjAlMjAlMjAlMjAlMjAlMjAlMjBlLnByZXZlbnREZWZhdWx0JTI4JTI5JTNCJTBBJTIwJTIwJTIwJTIwJTIwJTIwJTIwJTIwdmFyJTIwVVJMJTIwJTNEJTIwJTI0JTI4dGhpcyUyOS5jaGlsZHJlbiUyOCUyNy5pbmZvX2JveCUyNyUyOS5maW5kJTI4JTI3LnJlYWRfbW9yZSUyNyUyOS5hdHRyJTI4JTI3aHJlZiUyNyUyOSUzQiUwQSUyMCUyMCUyMCUyMCUyMCUyMCUyMCUyMHdpbmRvdy5sb2NhdGlvbi5ocmVmJTIwJTNEJTIwJTIyJTIyJTIwJTJCJTIwVVJMJTNCJTBBJTIwJTIwJTIwJTIwJTdEJTI5JTNCJTBBJTdEJTI5JTI4alF1ZXJ5JTI5JTNCJTBBJTNDJTJGc2NyaXB0JTNF[\/vc_raw_js][vc_raw_html]JTNDc3R5bGUlM0UlMEElMjNyd2V4cGVydGlzZSUyMC5zdG1fdmlld3BvcnQlMjAlN0IlMEElMjAlMjAlMjAlMjBjdXJzb3IlM0ElMjBwb2ludGVyJTNCJTBBJTdEJTBBJTNDJTJGc3R5bGUlM0U=[\/vc_raw_html][\/vc_column][\/vc_row][vc_row full_width=&#8221;stretch_row&#8221; parallax=&#8221;content-moving&#8221; el_class=&#8221;overlay fixed_bg&#8221; css=&#8221;.vc_custom_1723075592697{margin-bottom: 53px !important;padding-top: 110px !important;padding-bottom: 81px !important;background-image: url(https:\/\/stickymedia.ca\/wp-content\/uploads\/2018\/08\/stat-workshop.jpg?id=1889) !important;background-position: center;background-repeat: no-repeat !important;background-size: cover !important;}&#8221;][vc_column][vc_row_inner][vc_column_inner][vc_custom_heading icon=&#8221;stm-check&#8221; icon_size=&#8221;67&#8243; text=&#8221;Le leader de l&#8217;industrie avec :&#8221; font_container=&#8221;tag:h4|font_size:45px|text_align:left|color:%23ffffff|line_height:45px&#8221; use_theme_fonts=&#8221;yes&#8221; custom_icon=&#8221;stm-check&#8221; css=&#8221;.vc_custom_1545333870073{margin-bottom: 35px !important;}&#8221; el_class=&#8221;no_stripe&#8221;][\/vc_column_inner][\/vc_row_inner][vc_row_inner][vc_column_inner width=&#8221;1\/6&#8243; offset=&#8221;vc_col-lg-offset-1&#8243;][stm_stats_counter counter_value=&#8221;25&#8243; counter_value_suf=&#8221;+&#8221; title=&#8221;Ann\u00e9es d&#8217;experience&#8221;][\/vc_column_inner][vc_column_inner width=&#8221;1\/6&#8243;][stm_stats_counter counter_value=&#8221;50&#8243; title=&#8221;Employ\u00e9s&#8221;][\/vc_column_inner][vc_column_inner width=&#8221;1\/6&#8243;][stm_stats_counter counter_value=&#8221;1200&#8243; counter_value_suf=&#8221;+&#8221; title=&#8221;Clients r\u00e9guliers&#8221;][\/vc_column_inner][vc_column_inner width=&#8221;1\/6&#8243;][stm_stats_counter counter_value=&#8221;98.2&#8243; counter_value_suf=&#8221;%&#8221; title=&#8221;Clients satisfaits&#8221;][\/vc_column_inner][\/vc_row_inner][\/vc_column][\/vc_row][vc_row][vc_column][vc_custom_heading text=&#8221;Ils nous font confiance&#8221; font_container=&#8221;tag:h2|font_size:45px|text_align:center|line_height:60px&#8221; use_theme_fonts=&#8221;yes&#8221; el_class=&#8221;base_font_color&#8221; css=&#8221;.vc_custom_1723075248246{margin-bottom: 35px !important;}&#8221;][\/vc_column][\/vc_row][vc_row full_width=&#8221;stretch_row&#8221; css=&#8221;.vc_custom_1534813936600{padding-top: 41px !important;padding-bottom: 42px !important;background-color: #eaeaea !important;}&#8221;][vc_column][stm_image_carousel grayscale=&#8221;yes&#8221; img_size=&#8221;180&#215;96&#8243; autoplay=&#8221;yes&#8221; timeout=&#8221;900&#8243; loop=&#8221;yes&#8221; smart_speed=&#8221;750&#8243; items=&#8221;5&#8243; images=&#8221;2104,2106,2108,2110,2112,2114,2116,2118,2120,2122,2124,2126,2128,2130,2132,2134,2136,2138,2140,2142,2144&#8243; el_class=&#8221;no_paddings&#8221; link=&#8221;url:%2Fcompany-overview%2Four-partners%2F||&#8221;][\/vc_column][\/vc_row][vc_row full_width=&#8221;stretch_row_content&#8221; css_animation=&#8221;none&#8221; css=&#8221;.vc_custom_1534813818319{padding-top: 53px !important;background-image: url(https:\/\/stickymedia.ca\/wp-content\/uploads\/2018\/08\/polaroid.png?id=1700) !important;background-position: 0 0 !important;background-repeat: repeat !important;}&#8221;][vc_column][vc_custom_heading text=&#8221;Nos derni\u00e8res r\u00e9alisations&#8221; font_container=&#8221;tag:h2|font_size:45px|text_align:center|line_height:60px&#8221; use_theme_fonts=&#8221;yes&#8221; el_class=&#8221;base_font_color&#8221; css=&#8221;.vc_custom_1545334126186{margin-bottom: 35px !important;}&#8221;][vc_raw_html]JTVCaW5zdGFncmFtLWZlZWQlMjBsYXlvdXQlM0RoaWdobGlnaHQlNUQ=[\/vc_raw_html][\/vc_column][\/vc_row][vc_row full_width=&#8221;stretch_row&#8221; el_class=&#8221;overlay_2 fixed_bg&#8221; css=&#8221;.vc_custom_1547668730821{margin-bottom: 42px !important;padding-top: 66px !important;padding-bottom: 66px !important;background-image: url(https:\/\/stickymedia.ca\/wp-content\/uploads\/2015\/12\/placeholder.gif?id=1853) !important;background-position: center !important;background-repeat: no-repeat !important;background-size: cover !important;}&#8221;][vc_column][vc_custom_heading stm_title_font_weight=&#8221;700&#8243; text=&#8221;Votre solution pour un affichage<br \/>\n<mark>int\u00e9rieur, ext\u00e9rieur et num\u00e9rique<\/mark>&#8221; font_container=&#8221;tag:div|font_size:32px|text_align:center|color:%23ffffff|line_height:38px&#8221; use_theme_fonts=&#8221;yes&#8221;][vc_btn title=&#8221;Obtenez une estimation gratuite&#8221; color=&#8221;info&#8221; align=&#8221;center&#8221; css_animation=&#8221;none&#8221; css=&#8221;.vc_custom_1546889574348{margin-top: 25px !important;}&#8221; link=&#8221;url:%2Ffr%2Fcontactez-nous%2F%23contactformSM|||&#8221;][\/vc_column][\/vc_row]<\/p>\n","protected":false},"excerpt":{"rendered":"<p>[vc_row][vc_column offset=&#8221;vc_hidden-xs&#8221;][rev_slider_vc alias=&#8221;stickymedia-fr&#8221;][\/vc_column][\/vc_row][vc_row][vc_column offset=&#8221;vc_hidden-lg vc_hidden-md vc_hidden-sm&#8221;][vc_single_image image=&#8221;2322&#8243; img_size=&#8221;full&#8221; alignment=&#8221;center&#8221; onclick=&#8221;custom_link&#8221; link=&#8221;\/contact\/#contactformSM&#8221;][\/vc_column][\/vc_row][vc_row css=&#8221;.vc_custom_1544814717509{margin-top: 35px !important;}&#8221;][vc_column][vc_custom_heading text=&#8221;Notre expertise&#8221; font_container=&#8221;tag:h2|font_size:45px|text_align:center|line_height:60px&#8221; use_theme_fonts=&#8221;yes&#8221; el_class=&#8221;base_font_color&#8221; css=&#8221;.vc_custom_1545333731960{margin-bottom: 35px !important;}&#8221;][\/vc_column][\/vc_row][vc_row css=&#8221;.vc_custom_1544717406015{margin-bottom: 37px !important;}&#8221; el_id=&#8221;rwexpertise&#8221;][vc_column width=&#8221;1\/3&#8243;][stm_animation_block animation=&#8221;fadeInUp&#8221; animation_duration=&#8221;1&#8243; animation_delay=&#8221;0&#8243;][stm_info_box style=&#8221;style_3&#8243; title_icon=&#8221;stickymedia-icons-large-print&#8221; icon=&#8221;fa fa-chevron-right&#8221; title=&#8221;Impression grand format&#8221; link=&#8221;url:%2Ffr%2Fservices%2Fimpression-grand-format%2F|title:En%20savoir%20plus||&#8221; image=&#8221;8471&#8243;]Sitcky Media est un des leaders de l\u2019industrie de l\u2019impression grand format en Am\u00e9rique du Nord\u2026[\/stm_info_box][\/stm_animation_block][stm_animation_block animation=&#8221;fadeInUp&#8221;<\/p>\n","protected":false},"author":7,"featured_media":0,"parent":0,"menu_order":0,"comment_status":"closed","ping_status":"closed","template":"","meta":{"footnotes":""},"class_list":["post-1947","page","type-page","status-publish","hentry"],"_links":{"self":[{"href":"https:\/\/stickymedia.ca\/fr\/wp-json\/wp\/v2\/pages\/1947\/"}],"collection":[{"href":"https:\/\/stickymedia.ca\/fr\/wp-json\/wp\/v2\/pages\/"}],"about":[{"href":"https:\/\/stickymedia.ca\/fr\/wp-json\/wp\/v2\/types\/page\/"}],"author":[{"embeddable":true,"href":"https:\/\/stickymedia.ca\/fr\/wp-json\/wp\/v2\/users\/7\/"}],"replies":[{"embeddable":true,"href":"https:\/\/stickymedia.ca\/fr\/wp-json\/wp\/v2\/comments\/?post=1947"}],"version-history":[{"count":49,"href":"https:\/\/stickymedia.ca\/fr\/wp-json\/wp\/v2\/pages\/1947\/revisions\/"}],"predecessor-version":[{"id":8486,"href":"https:\/\/stickymedia.ca\/fr\/wp-json\/wp\/v2\/pages\/1947\/revisions\/8486\/"}],"wp:attachment":[{"href":"https:\/\/stickymedia.ca\/fr\/wp-json\/wp\/v2\/media\/?parent=1947"}],"curies":[{"name":"wp","href":"https:\/\/api.w.org\/{rel}","templated":true}]}}